{"id":228,"date":"2018-05-13T10:52:00","date_gmt":"2018-05-13T10:52:00","guid":{"rendered":"http:\/\/andreameyerdoll.de\/wp\/?page_id=228"},"modified":"2018-05-23T14:53:54","modified_gmt":"2018-05-23T14:53:54","slug":"datenschutz","status":"publish","type":"page","link":"https:\/\/andreameyerdoll.de\/wp\/datenschutz\/","title":{"rendered":"Datenschutz"},"content":{"rendered":"<p><b>Datenschutzerkl\u00e4rung<\/b><\/p>\n<p>Ich freue mich \u00fcber Ihren Besuch auf meiner Internetpr\u00e4senz. Ich nehme den Schutz Ihrer pers\u00f6nlichen Daten ernst und halten mich an die Regeln der gesetzlichen Vorgaben, insbesondere der Datenschutzgesetze. Die in dieser Erkl\u00e4rung verwendeten Begrifflichkeiten sind geschlechtsneutral zu verstehen und umfassen jeweils die weibliche und m\u00e4nnliche Form.<\/p>\n<p>&nbsp;<\/p>\n<p><b>1. Information \u00fcber die Erhebung personenbezogener Daten<\/b><\/p>\n<p>1.1. In dieser Datenschutzerkl\u00e4rung informiere ich Sie \u00fcber die Erhebung personenbezogener Daten bei Nutzung meiner Internetpr\u00e4senz. Personenbezogene Daten sind alle Daten, die auf Sie pers\u00f6nlich beziehbar sind, beispielweise Ihr Name, Ihre Anschrift oder Ihre E-Mail-Adresse.<\/p>\n<p>1.2. Verantwortlicher gem. Art.\u00a04 Abs.\u00a07 EU-Datenschutz-Grundverordnung (DS-GVO) bin ich, Heilpraktikerin Andrea Meyer-Doll, Heisestr. 19, 34128 Kassel, <a href=\"mailto:praxis@andreameyerdoll.de\">praxis@andreameyerdoll.de<\/a> . Alle Angaben \u00fcber mich finden Sie in meinem Impressum <a href=\"https:\/\/andreameyerdoll.de\/wp\/impressum\/\">https:\/\/andreameyerdoll.de\/wp\/impressum\/<\/a><\/p>\n<p>1.3. F\u00fcr eine Kontaktaufnahme k\u00f6nnen Sie mir eine E-Mail zusenden. Sofern Sie dies w\u00fcnschen, k\u00f6nnen Sie hierzu eine E-Mailadresse verwenden, die keine R\u00fcckschl\u00fcsse auf Ihre Person zul\u00e4sst. Wenn Sie mir eine E-Mail schreiben speichere ich die von Ihnen mitgeteilten Daten (z.B. Ihre E-Mail-Adresse, ggf. Ihren Namen und Ihre Telefonnummer), um Ihre Fragen zu beantworten. Ist eine Speicherung nicht mehr erforderlich, l\u00f6sche ich die erhobenen personenbezogenen Daten. Falls eine gesetzliche Aufbewahrungspflicht besteht, schr\u00e4nke ich die Verarbeitung ein. Die Rechtsgrundlage f\u00fcr die Datenverarbeitung zum Zwecke der Kontaktaufnahme bildet Art. 6 Abs. 1 S. 1 lit. f DS-GVO.<span class=\"Apple-converted-space\">\u00a0<\/span><\/p>\n<p>1.4. Ich weise Sie darauf hin, dass eine Daten\u00fcbertragung per E-Mail Sicherheitsl\u00fccken aufweisen kann. Ein l\u00fcckenloser Schutz der Daten vor dem Zugriff durch Dritte ist hier nicht m\u00f6glich. Ich empfehle deshalb, gesundheitsbezogene Daten nicht per Email zu \u00fcbermitteln. Sofern Sie an einer verschl\u00fcsselten E-Mail-Korrespondenz interessiert sind, teilen Sie mir dies bitte mit.<\/p>\n<p>1.5. F\u00fcr einzelne Funktionen meiner Website ben\u00f6tige ich die Mitwirkung von externen Dienstleistern. \u00dcber die jeweiligen Vorg\u00e4nge informiere ich Sie unter Punkt 6. dieser Erkl\u00e4rung.<\/p>\n<p>&nbsp;<\/p>\n<p><b>2. Erhebung und Speicherung personenbezogener Daten bei Aufruf meiner Website<\/b><\/p>\n<p>2.1. Wenn Sie meine Internetpr\u00e4senz informatorisch nutzen &#8211; also lediglich betrachten -, erhebe ich bei deren Aufruf diejenigen personenbezogenen Daten, die Ihr Browser automatisch an den Server meiner Website \u00fcbermittelt. Diese Informationen werden tempor\u00e4r in einem sog. Logfile gespeichert. Folgende Informationen werden dabei ohne Ihr Zutun erfasst und bis zur automatisierten L\u00f6schung gespeichert:<\/p>\n<p>&#8211; IP-Adresse des anfragenden Rechners,<br \/>\n&#8211; Datum und Uhrzeit der Anfrage bzw. des Zugriffs,<br \/>\n&#8211; Zeitzonendifferenz zur Greenwich Mean Time (GMT),<br \/>\n&#8211; Inhalt der Anforderung (konkrete Seite),<br \/>\n&#8211; Name und URL der abgerufenen Datei,<br \/>\n&#8211; Zugriffsstatus\/HTTP-Statuscode,<br \/>\n&#8211; jeweils \u00fcbertragene Datenmenge,<br \/>\n&#8211; Website, von der die Anforderung bzw. der Zugriff erfolgt (Referrer-URL),<br \/>\n&#8211; verwendeter Browser,<br \/>\n&#8211; Betriebssystem Ihres Rechners und dessen Oberfl\u00e4che sowie der Name Ihres Access-Providers,<br \/>\n&#8211; Sprache und Version der Browsersoftware.<\/p>\n<p>2.2. Die genannten Daten verarbeite ich, um Ihnen meine Website anzuzeigen und dabei Stabilit\u00e4t und Sicherheit zu gew\u00e4hrleisten. Insbesondere um einen reibungslosen Verbindungsaufbau und eine komfortable Nutzung meiner Website sicherzustellen sowie f\u00fcr eine Auswertung der Systemsicherheit bzw. Systemstabilit\u00e4t und zu weiteren administrativen Zwecken.<\/p>\n<p>2.3. Die Rechtsgrundlage f\u00fcr die Datenverarbeitung bildet Art.\u00a06 Abs.\u00a01 S.\u00a01 lit. f DS-GVO. Unser berechtigtes Interesse folgt aus den vorstehend aufgelisteten Zwecken zur Datenerhebung.<\/p>\n<p>&nbsp;<\/p>\n<p><b>3. Weitergabe von Daten \/ Daten\u00fcbermittlung<\/b><\/p>\n<p>Ich \u00fcbermittele Ihre pers\u00f6nlichen Daten an Dritte ausschlie\u00dflich zu folgenden Zwecken:<\/p>\n<p>3.1. &#8211; nach Erteilung einer ausdr\u00fccklichen Einwilligung gem\u00e4\u00df Art. 6 Abs. 1 S. 1 lit. a DSGVO,<\/p>\n<p>3.2. &#8211; die Weitergabe ist nach Art. 6 Abs. 1 S. 1 lit. f DSGVO zur Geltendmachung, Aus\u00fcbung oder Verteidigung von Rechtsanspr\u00fcchen erforderlich und es besteht kein Grund zur Annahme, dass Sie ein \u00fcberwiegendes schutzw\u00fcrdiges Interesse an der Nichtweitergabe Ihrer Daten haben,<\/p>\n<p>3.3. &#8211; falls f\u00fcr die Weitergabe nach Art. 6 Abs. 1 S. 1 lit. c DSGVO eine gesetzliche Verpflichtung besteht,<span class=\"Apple-converted-space\">\u00a0<\/span><\/p>\n<p>3.4. &#8211; sofern dies gesetzlich zul\u00e4ssig und nach Art. 6 Abs. 1 S. 1 lit. b DSGVO f\u00fcr die Abwicklung von Vertragsverh\u00e4ltnissen mit Ihnen erforderlich ist.<\/p>\n<p>&nbsp;<\/p>\n<p><b>4. Ihre Rechte<\/b><\/p>\n<p>Sie haben gegen\u00fcber mir Rechte hinsichtlich der Sie betreffenden personenbezogenen Daten. Hierbei handelt es sich um das:<\/p>\n<p>4.1. &#8211; Recht auf Auskunft: gem\u00e4\u00df Art. 15 DSGVO k\u00f6nnen Sie Auskunft \u00fcber Ihre von mir verarbeiteten personenbezogenen Daten verlangen.<\/p>\n<p>4.2. &#8211; Recht auf Berichtigung: gem\u00e4\u00df Art. 16 DSGVO k\u00f6nnen Sie unverz\u00fcglich die Berichtigung unrichtiger oder Vervollst\u00e4ndigung Ihrer bei mir gespeicherten personenbezogenen Daten verlangen.<\/p>\n<p>4.3. &#8211; Recht auf L\u00f6schung: gem\u00e4\u00df Art. 17 DSGVO k\u00f6nnen Sie die L\u00f6schung Ihrer bei mir gespeicherten personenbezogenen Daten verlangen.<\/p>\n<p>4.4. &#8211; Recht auf Einschr\u00e4nkung der Verarbeitung: gem\u00e4\u00df Art. 18 DSGVO k\u00f6nnen Sie die Einschr\u00e4nkung der Verarbeitung Ihrer bei mir gespeicherten personenbezogenen Daten verlangen.<\/p>\n<p>4.5. &#8211; Recht auf Widerspruch gegen die Verarbeitung: gem\u00e4\u00df Art. 7 Abs. 3 DSGVO k\u00f6nnen Sie Ihre einmal erteilte Einwilligung jederzeit gegen\u00fcber mir widerrufen.<\/p>\n<p>4.6. &#8211; Recht auf Daten\u00fcbertragbarkeit: gem\u00e4\u00df Art. 20 DSGVO k\u00f6nnen Sie verlangen, Ihre personenbezogenen Daten, die Sie mir bereitgestellt haben, in einem strukturierten, g\u00e4ngigen und maschinenlesebaren Format zu erhalten oder die \u00dcbermittlung an einen anderen Verantwortlichen verlangen.<\/p>\n<p>4.7. &#8211; Sie haben gem\u00e4\u00df Art. 77 DSGVO zudem das Recht, sich bei einer Datenschutz-Aufsichtsbeh\u00f6rde \u00fcber die Verarbeitung Ihrer personenbezogenen Daten durch mich zu beschweren.<\/p>\n<p>&nbsp;<\/p>\n<p><b>5. Widerspruch oder Widerruf gegen die Verarbeitung Ihrer Daten<\/b><\/p>\n<p>5.1. Sofern ich Ihre personenbezogenen Daten auf Grundlage von berechtigten Interessen gem\u00e4\u00df Art. 6 Abs. 1 S. 1 lit. f DSGVO verarbeite, k\u00f6nnen Sie gem\u00e4\u00df Art. 21 DS-GVO Widerspruch gegen die Verarbeitung Ihrer personenbezogenen Daten einlegen. In diesem Fall teilen Sie mir bitte die Gr\u00fcnde &#8211; die sich aus Ihrer besonderen Situation ergeben &#8211; mit, aufgrund derer ich Ihre personenbezogenen Daten nicht verarbeiten soll. Nach Pr\u00fcfung Ihres Widerspruchs stelle ich entweder die Datenverarbeitung ein, passe diese an oder f\u00fchre die Verarbeitung fort. In zuletzt genannten Fall lege ich Ihnen meine zwingenden schutzw\u00fcrdigen Gr\u00fcnde dar.<\/p>\n<p>5.2. Der Verarbeitung Ihrer personenbezogenen Daten f\u00fcr Zwecke der Werbung und\/oder Datenanalyse k\u00f6nnen Sie jederzeit ohne Angabe von Gr\u00fcnden widersprechen. Ihr diesbez\u00fcgliches Widerspruchsrecht setze ich um; die Angabe von Gr\u00fcnden ist hierzu nicht erforderlich.<\/p>\n<p>5.3. Falls Sie eine Einwilligung zur Verarbeitung Ihrer Daten erteilt haben, k\u00f6nnen Sie diese jederzeit mit Wirkung f\u00fcr die Zukunft widerrufen.<span class=\"Apple-converted-space\">\u00a0<\/span><\/p>\n<p>5.4. Zur Aus\u00fcbung Ihres Widerrufs- oder Widerspruchsrecht richten Sie eine E-Mail an folgende Adresse: praxis@andreameyerdoll.de<\/p>\n<p>\u00dcber Ihren Widerspruch oder Widerruf k\u00f6nnen Sie mich auch unter folgenden Kontaktdaten informieren:<span class=\"Apple-converted-space\">\u00a0<\/span><\/p>\n<p>Andrea Meyer-Doll<br \/>\nHeilpraktikerin<br \/>\nHeisestr. 19<br \/>\nTel.: 0561-887112<\/p>\n<p>Impressum: <a href=\"https:\/\/andreameyerdoll.de\/wp\/impressum\/\">https:\/\/andreameyerdoll.de\/wp\/impressum\/<\/a><\/p>\n<p>&nbsp;<\/p>\n<p><b>6. Verschl\u00fcsselung<\/b><\/p>\n<p>Zur Sicherung Ihrer Daten verwende ich auf meiner Internetpr\u00e4senz eine SSL-Verschl\u00fcsselung.<span class=\"Apple-converted-space\">\u00a0<\/span><\/p>\n<p>Zertifikate zur Verwendung der SSL-Verschl\u00fcsselung werden von mir regelm\u00e4\u00dfig erneuert. Ob eine Seite meines Internetauftrittes verschl\u00fcsselt \u00fcbertragen wird, erkennen Sie an der geschlossenen Darstellung des Sch\u00fcssel-\/Schloss-Symbols in der Statusleiste Ihres Browsers.<\/p>\n<p>&nbsp;<\/p>\n<p><strong>7.\u00a0Cookies<\/strong><\/p>\n<p>Wie viele andere Webseiten verwenden wir auch so genannte \u201eCookies\u201c. Cookies sind kleine Textdateien, die von einem Websiteserver auf Ihre Festplatte \u00fcbertragen werden. Hierdurch erhalten wir automatisch bestimmte Daten wie z. B. IP-Adresse, verwendeter Browser, Betriebssystem und Ihre Verbindung zum Internet.<\/p>\n<p>Cookies k\u00f6nnen nicht verwendet werden, um Programme zu starten oder Viren auf einen Computer zu \u00fcbertragen. Anhand der in Cookies enthaltenen Informationen k\u00f6nnen wir Ihnen die Navigation erleichtern und die korrekte Anzeige unserer Webseiten erm\u00f6glichen.<\/p>\n<p>In keinem Fall werden die von uns erfassten Daten an Dritte weitergegeben oder ohne Ihre Einwilligung eine Verkn\u00fcpfung mit personenbezogenen Daten hergestellt.<\/p>\n<p>Nat\u00fcrlich k\u00f6nnen Sie unsere Website grunds\u00e4tzlich auch ohne Cookies betrachten. Internet-Browser sind regelm\u00e4\u00dfig so eingestellt, dass sie Cookies akzeptieren. Im Allgemeinen k\u00f6nnen Sie die Verwendung von Cookies jederzeit \u00fcber die Einstellungen Ihres Browsers deaktivieren. Bitte verwenden Sie die Hilfefunktionen Ihres Internetbrowsers, um zu erfahren, wie Sie diese Einstellungen \u00e4ndern k\u00f6nnen. Bitte beachten Sie, dass einzelne Funktionen unserer Website m\u00f6glicherweise nicht funktionieren, wenn Sie die Verwendung von Cookies deaktiviert haben.<\/p>\n<p>&nbsp;<\/p>\n<p><strong>8. Verwendung von Scriptbibliotheken (Google Webfonts)<\/strong><\/p>\n<p>Um unsere Inhalte browser\u00fcbergreifend korrekt und grafisch ansprechend darzustellen, verwenden wir auf dieser Website Scriptbibliotheken und Schriftbibliotheken wie z. B. Google Webfonts (<a href=\"http:\/\/www.google.com\/webfonts\/\" target=\"_blank\" rel=\"noopener\">https:\/\/www.google.com\/webfonts\/<\/a>). Google Webfonts werden zur Vermeidung mehrfachen Ladens in den Cache Ihres Browsers \u00fcbertragen. Falls der Browser die Google Webfonts nicht unterst\u00fctzt oder den Zugriff unterbindet, werden Inhalte in einer Standardschrift angezeigt.<\/p>\n<p>Der Aufruf von Scriptbibliotheken oder Schriftbibliotheken l\u00f6st automatisch eine Verbindung zum Betreiber der Bibliothek aus. Dabei ist es theoretisch m\u00f6glich \u2013 aktuell allerdings auch unklar ob und ggf. zu welchen Zwecken \u2013 dass Betreiber entsprechender Bibliotheken Daten erheben.<\/p>\n<p>Die Datenschutzrichtlinie des Bibliothekbetreibers Google finden Sie hier: <a href=\"https:\/\/www.google.com\/policies\/privacy\/\" target=\"_blank\" rel=\"noopener\">https:\/\/www.google.com\/policies\/privacy\/<\/a><\/p>\n<p>&nbsp;<\/p>\n<p><b>9. Weitere Fragen<\/b><\/p>\n<p>Konnte meine Datenschutzerkl\u00e4rung eine Ihrer Fragen nicht beantworten? W\u00fcnschen Sie zu einem Punkt weitere Informationen? Dann lassen Sie mich dies wissen. Ich gebe Ihnen jederzeit gern weitere Auskunft. F\u00fcr alle Anfragen zum Datenschutz wenden Sie sich bitte an folgende E-Mail-Adresse: praxis@andreameyerdoll.de<\/p>\n<p>Diese Datenschutzerkl\u00e4rung hat den Stand Mai 2018.<\/p>\n","protected":false},"excerpt":{"rendered":"<p>Datenschutzerkl\u00e4rung Ich freue mich \u00fcber Ihren Besuch auf meiner Internetpr\u00e4senz. Ich nehme den Schutz Ihrer pers\u00f6nlichen Daten ernst und halten mich an die Regeln der gesetzlichen Vorgaben, insbesondere der Datenschutzgesetze. Die in dieser Erkl\u00e4rung verwendeten Begrifflichkeiten sind geschlechtsneutral zu verstehen und umfassen jeweils die weibliche und m\u00e4nnliche Form. &nbsp; 1. Information \u00fcber die Erhebung personenbezogener &hellip; <a href=\"https:\/\/andreameyerdoll.de\/wp\/datenschutz\/\" class=\"more-link\"><span class=\"screen-reader-text\">Datenschutz<\/span> weiterlesen <span class=\"meta-nav\">&rarr;<\/span><\/a><\/p>\n","protected":false},"author":2,"featured_media":0,"parent":0,"menu_order":0,"comment_status":"closed","ping_status":"closed","template":"","meta":{"footnotes":""},"class_list":["post-228","page","type-page","status-publish","hentry"],"yoast_head":"<!-- This site is optimized with the Yoast SEO plugin v27.4 - https:\/\/yoast.com\/product\/yoast-seo-wordpress\/ -->\n<title>Datenschutz -<\/title>\n<meta name=\"robots\" content=\"index, follow, max-snippet:-1, max-image-preview:large, max-video-preview:-1\" \/>\n<link rel=\"canonical\" href=\"https:\/\/andreameyerdoll.de\/wp\/datenschutz\/\" \/>\n<meta property=\"og:locale\" content=\"de_DE\" \/>\n<meta property=\"og:type\" content=\"article\" \/>\n<meta property=\"og:title\" content=\"Datenschutz -\" \/>\n<meta property=\"og:description\" content=\"Datenschutzerkl\u00e4rung Ich freue mich \u00fcber Ihren Besuch auf meiner Internetpr\u00e4senz. Ich nehme den Schutz Ihrer pers\u00f6nlichen Daten ernst und halten mich an die Regeln der gesetzlichen Vorgaben, insbesondere der Datenschutzgesetze. Die in dieser Erkl\u00e4rung verwendeten Begrifflichkeiten sind geschlechtsneutral zu verstehen und umfassen jeweils die weibliche und m\u00e4nnliche Form. &nbsp; 1. Information \u00fcber die Erhebung personenbezogener &hellip; Datenschutz weiterlesen &rarr;\" \/>\n<meta property=\"og:url\" content=\"https:\/\/andreameyerdoll.de\/wp\/datenschutz\/\" \/>\n<meta property=\"article:modified_time\" content=\"2018-05-23T14:53:54+00:00\" \/>\n<meta name=\"twitter:card\" content=\"summary_large_image\" \/>\n<meta name=\"twitter:label1\" content=\"Gesch\u00e4tzte Lesezeit\" \/>\n\t<meta name=\"twitter:data1\" content=\"7\u00a0Minuten\" \/>\n<script type=\"application\/ld+json\" class=\"yoast-schema-graph\">{\"@context\":\"https:\\\/\\\/schema.org\",\"@graph\":[{\"@type\":\"WebPage\",\"@id\":\"https:\\\/\\\/andreameyerdoll.de\\\/wp\\\/datenschutz\\\/\",\"url\":\"https:\\\/\\\/andreameyerdoll.de\\\/wp\\\/datenschutz\\\/\",\"name\":\"Datenschutz -\",\"isPartOf\":{\"@id\":\"https:\\\/\\\/andreameyerdoll.de\\\/wp\\\/#website\"},\"datePublished\":\"2018-05-13T10:52:00+00:00\",\"dateModified\":\"2018-05-23T14:53:54+00:00\",\"breadcrumb\":{\"@id\":\"https:\\\/\\\/andreameyerdoll.de\\\/wp\\\/datenschutz\\\/#breadcrumb\"},\"inLanguage\":\"de\",\"potentialAction\":[{\"@type\":\"ReadAction\",\"target\":[\"https:\\\/\\\/andreameyerdoll.de\\\/wp\\\/datenschutz\\\/\"]}]},{\"@type\":\"BreadcrumbList\",\"@id\":\"https:\\\/\\\/andreameyerdoll.de\\\/wp\\\/datenschutz\\\/#breadcrumb\",\"itemListElement\":[{\"@type\":\"ListItem\",\"position\":1,\"name\":\"Startseite\",\"item\":\"https:\\\/\\\/andreameyerdoll.de\\\/wp\\\/\"},{\"@type\":\"ListItem\",\"position\":2,\"name\":\"Datenschutz\"}]},{\"@type\":\"WebSite\",\"@id\":\"https:\\\/\\\/andreameyerdoll.de\\\/wp\\\/#website\",\"url\":\"https:\\\/\\\/andreameyerdoll.de\\\/wp\\\/\",\"name\":\"\",\"description\":\"\",\"potentialAction\":[{\"@type\":\"SearchAction\",\"target\":{\"@type\":\"EntryPoint\",\"urlTemplate\":\"https:\\\/\\\/andreameyerdoll.de\\\/wp\\\/?s={search_term_string}\"},\"query-input\":{\"@type\":\"PropertyValueSpecification\",\"valueRequired\":true,\"valueName\":\"search_term_string\"}}],\"inLanguage\":\"de\"}]}<\/script>\n<!-- \/ Yoast SEO plugin. -->","yoast_head_json":{"title":"Datenschutz -","robots":{"index":"index","follow":"follow","max-snippet":"max-snippet:-1","max-image-preview":"max-image-preview:large","max-video-preview":"max-video-preview:-1"},"canonical":"https:\/\/andreameyerdoll.de\/wp\/datenschutz\/","og_locale":"de_DE","og_type":"article","og_title":"Datenschutz -","og_description":"Datenschutzerkl\u00e4rung Ich freue mich \u00fcber Ihren Besuch auf meiner Internetpr\u00e4senz. Ich nehme den Schutz Ihrer pers\u00f6nlichen Daten ernst und halten mich an die Regeln der gesetzlichen Vorgaben, insbesondere der Datenschutzgesetze. Die in dieser Erkl\u00e4rung verwendeten Begrifflichkeiten sind geschlechtsneutral zu verstehen und umfassen jeweils die weibliche und m\u00e4nnliche Form. &nbsp; 1. Information \u00fcber die Erhebung personenbezogener &hellip; Datenschutz weiterlesen &rarr;","og_url":"https:\/\/andreameyerdoll.de\/wp\/datenschutz\/","article_modified_time":"2018-05-23T14:53:54+00:00","twitter_card":"summary_large_image","twitter_misc":{"Gesch\u00e4tzte Lesezeit":"7\u00a0Minuten"},"schema":{"@context":"https:\/\/schema.org","@graph":[{"@type":"WebPage","@id":"https:\/\/andreameyerdoll.de\/wp\/datenschutz\/","url":"https:\/\/andreameyerdoll.de\/wp\/datenschutz\/","name":"Datenschutz -","isPartOf":{"@id":"https:\/\/andreameyerdoll.de\/wp\/#website"},"datePublished":"2018-05-13T10:52:00+00:00","dateModified":"2018-05-23T14:53:54+00:00","breadcrumb":{"@id":"https:\/\/andreameyerdoll.de\/wp\/datenschutz\/#breadcrumb"},"inLanguage":"de","potentialAction":[{"@type":"ReadAction","target":["https:\/\/andreameyerdoll.de\/wp\/datenschutz\/"]}]},{"@type":"BreadcrumbList","@id":"https:\/\/andreameyerdoll.de\/wp\/datenschutz\/#breadcrumb","itemListElement":[{"@type":"ListItem","position":1,"name":"Startseite","item":"https:\/\/andreameyerdoll.de\/wp\/"},{"@type":"ListItem","position":2,"name":"Datenschutz"}]},{"@type":"WebSite","@id":"https:\/\/andreameyerdoll.de\/wp\/#website","url":"https:\/\/andreameyerdoll.de\/wp\/","name":"","description":"","potentialAction":[{"@type":"SearchAction","target":{"@type":"EntryPoint","urlTemplate":"https:\/\/andreameyerdoll.de\/wp\/?s={search_term_string}"},"query-input":{"@type":"PropertyValueSpecification","valueRequired":true,"valueName":"search_term_string"}}],"inLanguage":"de"}]}},"_links":{"self":[{"href":"https:\/\/andreameyerdoll.de\/wp\/wp-json\/wp\/v2\/pages\/228","targetHints":{"allow":["GET"]}}],"collection":[{"href":"https:\/\/andreameyerdoll.de\/wp\/wp-json\/wp\/v2\/pages"}],"about":[{"href":"https:\/\/andreameyerdoll.de\/wp\/wp-json\/wp\/v2\/types\/page"}],"author":[{"embeddable":true,"href":"https:\/\/andreameyerdoll.de\/wp\/wp-json\/wp\/v2\/users\/2"}],"replies":[{"embeddable":true,"href":"https:\/\/andreameyerdoll.de\/wp\/wp-json\/wp\/v2\/comments?post=228"}],"version-history":[{"count":8,"href":"https:\/\/andreameyerdoll.de\/wp\/wp-json\/wp\/v2\/pages\/228\/revisions"}],"predecessor-version":[{"id":266,"href":"https:\/\/andreameyerdoll.de\/wp\/wp-json\/wp\/v2\/pages\/228\/revisions\/266"}],"wp:attachment":[{"href":"https:\/\/andreameyerdoll.de\/wp\/wp-json\/wp\/v2\/media?parent=228"}],"curies":[{"name":"wp","href":"https:\/\/api.w.org\/{rel}","templated":true}]}}